{"id":1547,"date":"2015-05-08T09:39:32","date_gmt":"2015-05-08T09:39:32","guid":{"rendered":"http:\/\/localhost\/f-schatz\/web\/?post_type=product&#038;p=1547"},"modified":"2026-03-10T13:34:26","modified_gmt":"2026-03-10T13:34:26","slug":"coleccion-schatz","status":"publish","type":"product","link":"https:\/\/f-schatz.com\/web\/producto\/coleccion-schatz\/","title":{"rendered":"Colecci\u00f3n SCHATZ"},"content":{"rendered":"<p>Portes dentro de Espa\u00f1a incluidos.<br \/>\nColecci\u00f3n env\u00edo en Espa\u00f1a con caja madera: Largo 35 cm, Ancho 25 cm, Alto 17,5 cm.<br \/>\nColecci\u00f3n env\u00edo fuera de Espa\u00f1a: caja cart\u00f3n: Largo 22cm, Ancho 31 cm, Alto 41 cm.<br \/>\n<\/p>","protected":false},"excerpt":{"rendered":"<p>Petit Verdot 2017, 13% vol. Alc.,<br \/>\nAcinipo 2021, 13,5% vol. Alc.,<br \/>\nFinca Sanguijuela 2016, 14% vol. Alc.,<br \/>\nPinot Noir 2018, 12,5% vol. Alc<br \/>\nChardonnay 2023, 12,5% vol. Alc.<br \/>\nRosado 2023, 12% vol. Alc.<\/p>\n","protected":false},"featured_media":2478,"comment_status":"closed","ping_status":"closed","template":"","meta":{"_links_to":"","_links_to_target":""},"product_brand":[],"product_cat":[25],"product_tag":[],"class_list":{"0":"post-1547","1":"product","2":"type-product","3":"status-publish","4":"has-post-thumbnail","6":"product_cat-uncategorized","8":"first","9":"instock","10":"taxable","11":"shipping-taxable","12":"purchasable","13":"product-type-simple"},"aioseo_notices":[],"_links":{"self":[{"href":"https:\/\/f-schatz.com\/web\/wp-json\/wp\/v2\/product\/1547","targetHints":{"allow":["GET"]}}],"collection":[{"href":"https:\/\/f-schatz.com\/web\/wp-json\/wp\/v2\/product"}],"about":[{"href":"https:\/\/f-schatz.com\/web\/wp-json\/wp\/v2\/types\/product"}],"replies":[{"embeddable":true,"href":"https:\/\/f-schatz.com\/web\/wp-json\/wp\/v2\/comments?post=1547"}],"wp:featuredmedia":[{"embeddable":true,"href":"https:\/\/f-schatz.com\/web\/wp-json\/wp\/v2\/media\/2478"}],"wp:attachment":[{"href":"https:\/\/f-schatz.com\/web\/wp-json\/wp\/v2\/media?parent=1547"}],"wp:term":[{"taxonomy":"product_brand","embeddable":true,"href":"https:\/\/f-schatz.com\/web\/wp-json\/wp\/v2\/product_brand?post=1547"},{"taxonomy":"product_cat","embeddable":true,"href":"https:\/\/f-schatz.com\/web\/wp-json\/wp\/v2\/product_cat?post=1547"},{"taxonomy":"product_tag","embeddable":true,"href":"https:\/\/f-schatz.com\/web\/wp-json\/wp\/v2\/product_tag?post=1547"}],"curies":[{"name":"wp","href":"https:\/\/api.w.org\/{rel}","templated":true}]}}