{"id":1545,"date":"2015-05-08T08:52:59","date_gmt":"2015-05-08T08:52:59","guid":{"rendered":"http:\/\/localhost\/f-schatz\/web\/?post_type=product&#038;p=1545"},"modified":"2025-01-21T13:42:53","modified_gmt":"2025-01-21T13:42:53","slug":"petit-verdot","status":"publish","type":"product","link":"https:\/\/f-schatz.com\/web\/producto\/petit-verdot\/","title":{"rendered":"Petit Verdot 2017"},"content":{"rendered":"","protected":false},"excerpt":{"rendered":"<p>ELABORACI\u00d3N ELABORATION<br \/>\n8 meses crianza \u201csur lie\u201d con \u201cbatonnage\u201d * en barricas de roble franc\u00e9s.<br \/>\n*Agitaci\u00f3n frecuente de las l\u00edas finas con un bast\u00f3n durante un per\u00edodo de 2 a 6 meses.<br \/>\n8 months of ageing \u201csur lie\u201d with \u201cbatonnage\u201d * in French oak barrels.<br \/>\n*Ageing on natural fine lees, which is raisaed at regular intervals during a period of time between 2 &#8211; 6 months.<\/p>\n<p>COLOR COLOUR<br \/>\nRojo p\u00farpura. Purple red.<\/p>\n<p>NARIZ NOSE<br \/>\nMarcados aromas bals\u00e1micos de eucalipto, botica, chocolate y menta.<br \/>\nMarked balsamic aromas of eucalyptus, apothecary, chocolate and mint.<\/p>\n<p>BOCA MOUTH<br \/>\nArmonioso sabor a chocolate y grosella, un vino muy atl\u00e1ntico, fresco y una fant\u00e1stica acidez.<br \/>\nHarmonious chocolate and currant flavor, a very high-Atlantic, fresh wine and one with fantastic acidity.<\/p>\n","protected":false},"featured_media":2131,"comment_status":"closed","ping_status":"closed","template":"","meta":{"_links_to":"","_links_to_target":""},"product_brand":[],"product_cat":[25],"product_tag":[],"class_list":{"0":"post-1545","1":"product","2":"type-product","3":"status-publish","4":"has-post-thumbnail","6":"product_cat-uncategorized","8":"first","9":"instock","10":"taxable","11":"shipping-taxable","12":"purchasable","13":"product-type-simple"},"aioseo_notices":[],"_links":{"self":[{"href":"https:\/\/f-schatz.com\/web\/wp-json\/wp\/v2\/product\/1545","targetHints":{"allow":["GET"]}}],"collection":[{"href":"https:\/\/f-schatz.com\/web\/wp-json\/wp\/v2\/product"}],"about":[{"href":"https:\/\/f-schatz.com\/web\/wp-json\/wp\/v2\/types\/product"}],"replies":[{"embeddable":true,"href":"https:\/\/f-schatz.com\/web\/wp-json\/wp\/v2\/comments?post=1545"}],"wp:featuredmedia":[{"embeddable":true,"href":"https:\/\/f-schatz.com\/web\/wp-json\/wp\/v2\/media\/2131"}],"wp:attachment":[{"href":"https:\/\/f-schatz.com\/web\/wp-json\/wp\/v2\/media?parent=1545"}],"wp:term":[{"taxonomy":"product_brand","embeddable":true,"href":"https:\/\/f-schatz.com\/web\/wp-json\/wp\/v2\/product_brand?post=1545"},{"taxonomy":"product_cat","embeddable":true,"href":"https:\/\/f-schatz.com\/web\/wp-json\/wp\/v2\/product_cat?post=1545"},{"taxonomy":"product_tag","embeddable":true,"href":"https:\/\/f-schatz.com\/web\/wp-json\/wp\/v2\/product_tag?post=1545"}],"curies":[{"name":"wp","href":"https:\/\/api.w.org\/{rel}","templated":true}]}}