{"id":1541,"date":"2015-05-08T08:49:39","date_gmt":"2015-05-08T08:49:39","guid":{"rendered":"http:\/\/localhost\/f-schatz\/web\/?post_type=product&#038;p=1541"},"modified":"2025-01-21T13:43:17","modified_gmt":"2025-01-21T13:43:17","slug":"finca-sanguijuela","status":"publish","type":"product","link":"https:\/\/f-schatz.com\/web\/producto\/finca-sanguijuela\/","title":{"rendered":"Finca Sanguijuela 2017"},"content":{"rendered":"","protected":false},"excerpt":{"rendered":"<p>ELABORACI\u00d3N  ELABORATION<br \/>\n8 meses crianza sobre sus l\u00edas finas \u201csur lie con batonnage\u201d* en barricas de roble americano y franc\u00e9s.<br \/>\n*Agitaci\u00f3n frecuente de las l\u00edas finas con un bast\u00f3n, durante un per\u00edodo de tiempo de 2 a 6 meses.<br \/>\n8 months of ageing \u201csur lie\u201d with \u201cbatonnage\u201d* in American and French oak barrels.<br \/>\n*Ageing on natural fine lees, which is raisaed at regular intervals during a period of time between 2 &#8211; 6 months.<\/p>\n<p>COLOR  COLOUR<br \/>\nRojo picota.  Cherry red. <\/p>\n<p>NARIZ  NOSE<br \/>\nBosque mediterr\u00e1neo de tomillo, romero y lavanda. Especias a canela y clavo. Profundamente bals\u00e1mico.<br \/>\nMediterranean forest of thyme, rosemary and lavender. Cinnamon and clove. Very balsamic.<\/p>\n<p>BOCA  MOUTH<br \/>\nIntensa fruta roja madura, con una mineral y viva acidez. Notas de an\u00eds y canela. Un vino sutil, arm\u00f3nico y a la vez poderoso.<br \/>\nIntense ripe red fruit with a mineral and lively acidity. Notes of anise and cinnamon. A subtle, harmonious and at the same time powerful wine.<\/p>\n","protected":false},"featured_media":2130,"comment_status":"closed","ping_status":"closed","template":"","meta":{"_links_to":"","_links_to_target":""},"product_brand":[],"product_cat":[25],"product_tag":[],"class_list":{"0":"post-1541","1":"product","2":"type-product","3":"status-publish","4":"has-post-thumbnail","6":"product_cat-uncategorized","8":"first","9":"instock","10":"taxable","11":"shipping-taxable","12":"purchasable","13":"product-type-simple"},"aioseo_notices":[],"_links":{"self":[{"href":"https:\/\/f-schatz.com\/web\/wp-json\/wp\/v2\/product\/1541","targetHints":{"allow":["GET"]}}],"collection":[{"href":"https:\/\/f-schatz.com\/web\/wp-json\/wp\/v2\/product"}],"about":[{"href":"https:\/\/f-schatz.com\/web\/wp-json\/wp\/v2\/types\/product"}],"replies":[{"embeddable":true,"href":"https:\/\/f-schatz.com\/web\/wp-json\/wp\/v2\/comments?post=1541"}],"wp:featuredmedia":[{"embeddable":true,"href":"https:\/\/f-schatz.com\/web\/wp-json\/wp\/v2\/media\/2130"}],"wp:attachment":[{"href":"https:\/\/f-schatz.com\/web\/wp-json\/wp\/v2\/media?parent=1541"}],"wp:term":[{"taxonomy":"product_brand","embeddable":true,"href":"https:\/\/f-schatz.com\/web\/wp-json\/wp\/v2\/product_brand?post=1541"},{"taxonomy":"product_cat","embeddable":true,"href":"https:\/\/f-schatz.com\/web\/wp-json\/wp\/v2\/product_cat?post=1541"},{"taxonomy":"product_tag","embeddable":true,"href":"https:\/\/f-schatz.com\/web\/wp-json\/wp\/v2\/product_tag?post=1541"}],"curies":[{"name":"wp","href":"https:\/\/api.w.org\/{rel}","templated":true}]}}