{"id":7,"date":"2012-09-24T15:04:58","date_gmt":"2012-09-24T15:04:58","guid":{"rendered":"http:\/\/f-schatz.com\/previa\/?page_id=7"},"modified":"2023-02-24T07:52:15","modified_gmt":"2023-02-24T07:52:15","slug":"finca_sanguijuela","status":"publish","type":"page","link":"https:\/\/f-schatz.com\/web\/finca_sanguijuela\/","title":{"rendered":"LA FINCA"},"content":{"rendered":"<p><\/p>\n<p>La Finca Sanguijuela se encuentra a unos 10 km de Ronda enclavada en la \u201dSerran\u00eda de Ronda\u201d.<\/p>\n<p>Ofrece una vista pintoresca rodeada de labor de secano, arroyos naturales, encinares, pastos y de la Ca\u00f1ada Real M\u00e1laga-Sevilla-Jerez.<\/p>\n<p>Tiene un microclima especial con d\u00edas calurosos y noches frescas, que ofrece las condiciones ideales para la elaboraci\u00f3n de vinos ecol\u00f3gicos-biodin\u00e1micos de alta calidad.<\/p>\n<p>Situada en una meseta de 700 m sobre el nivel del mar, rodeada de la \u201dSierra de Grazalema\u201d y de la \u201dSierra de las Nieves\u201d que la protegen de los vientos fuertes de Levante y Poniente, y garantizan una pluviometr\u00eda estable de unos 500 litros anuales.<\/p>\n<p>\u201cLa agricultura tiene que volver a ser un arte, el arte de ayudar a las plantas a recibir las fuerzas que necesitan para expresarse bien\u201d<\/p>\n<p>Nicolas Joly.<\/p>\n<p><\/p>","protected":false},"excerpt":{"rendered":"<p>La Finca Sanguijuela se encuentra a unos 10 km de Ronda enclavada en la \u201dSerran\u00eda de Ronda\u201d. Ofrece una vista pintoresca rodeada de labor de secano, arroyos naturales, encinares, pastos y de la Ca\u00f1ada Real M\u00e1laga-Sevilla-Jerez. Tiene un microclima especial con d\u00edas calurosos y noches frescas, que ofrece las condiciones ideales para la elaboraci\u00f3n de [&hellip;]<\/p>\n","protected":false},"author":1,"featured_media":1311,"parent":0,"menu_order":1,"comment_status":"closed","ping_status":"open","template":"elaboracion.php","meta":{"footnotes":"","_links_to":"","_links_to_target":""},"class_list":["post-7","page","type-page","status-publish","has-post-thumbnail","hentry"],"aioseo_notices":[],"_links":{"self":[{"href":"https:\/\/f-schatz.com\/web\/wp-json\/wp\/v2\/pages\/7","targetHints":{"allow":["GET"]}}],"collection":[{"href":"https:\/\/f-schatz.com\/web\/wp-json\/wp\/v2\/pages"}],"about":[{"href":"https:\/\/f-schatz.com\/web\/wp-json\/wp\/v2\/types\/page"}],"author":[{"embeddable":true,"href":"https:\/\/f-schatz.com\/web\/wp-json\/wp\/v2\/users\/1"}],"replies":[{"embeddable":true,"href":"https:\/\/f-schatz.com\/web\/wp-json\/wp\/v2\/comments?post=7"}],"version-history":[{"count":107,"href":"https:\/\/f-schatz.com\/web\/wp-json\/wp\/v2\/pages\/7\/revisions"}],"predecessor-version":[{"id":3189,"href":"https:\/\/f-schatz.com\/web\/wp-json\/wp\/v2\/pages\/7\/revisions\/3189"}],"wp:featuredmedia":[{"embeddable":true,"href":"https:\/\/f-schatz.com\/web\/wp-json\/wp\/v2\/media\/1311"}],"wp:attachment":[{"href":"https:\/\/f-schatz.com\/web\/wp-json\/wp\/v2\/media?parent=7"}],"curies":[{"name":"wp","href":"https:\/\/api.w.org\/{rel}","templated":true}]}}