{"id":199,"date":"2012-09-28T12:21:31","date_gmt":"2012-09-28T12:21:31","guid":{"rendered":"http:\/\/f-schatz.com\/previa\/?page_id=199"},"modified":"2023-02-24T07:56:53","modified_gmt":"2023-02-24T07:56:53","slug":"vendimia","status":"publish","type":"page","link":"https:\/\/f-schatz.com\/web\/bodega-2\/metodos\/vendimia\/","title":{"rendered":"Vendimia"},"content":{"rendered":"<p><img loading=\"lazy\" decoding=\"async\" class=\"size-full wp-image-557 alignleft\" title=\"vendimia\" src=\"http:\/\/f-schatz.com\/previa\/wp-content\/uploads\/2012\/09\/vendimia1.jpg\" alt=\"\" width=\"850\" height=\"400\" srcset=\"https:\/\/f-schatz.com\/web\/wp-content\/uploads\/2012\/09\/vendimia1.jpg 850w, https:\/\/f-schatz.com\/web\/wp-content\/uploads\/2012\/09\/vendimia1-400x188.jpg 400w, https:\/\/f-schatz.com\/web\/wp-content\/uploads\/2012\/09\/vendimia1-420x197.jpg 420w\" sizes=\"auto, (max-width: 850px) 100vw, 850px\" \/><\/p>\n<p>Es el mejor momento, la recogida del fruto y del trabajo de todo un a\u00f1o. La vendimia se hace 100% a mano preseleccionando las uvas en la cepa, y sin romper los hollejos de las bayas.<\/p>\n<p>Se recolecta en cajas peque\u00f1as de unos 15 kg, \u00a0que\u00a0 son transportadas en \u00a0pocos minutos a la bodega, donde a temperatura controlada se refrescan hasta final del d\u00eda, cuando realizamos el despalillado y estrujado.<\/p>\n<p>Limitamos el rendimiento \u00a0a una cantidad de 1 kg de uva por cepa, unas 3.500-5.000 kg\/ha) seg\u00fan variedad y a\u00f1o climatol\u00f3gico. De esta manera se garantiza \u00a0un equilibrio \u00f3ptimo entre masa foliar y fruto de m\u00e1xima calidad.<\/p>\n<p><\/p>","protected":false},"excerpt":{"rendered":"<p>Es el mejor momento, la recogida del fruto y del trabajo de todo un a\u00f1o. La vendimia se hace 100% a mano preseleccionando las uvas en la cepa, y sin romper los hollejos de las bayas. Se recolecta en cajas peque\u00f1as de unos 15 kg, \u00a0que\u00a0 son transportadas en \u00a0pocos minutos a la bodega, donde [&hellip;]<\/p>\n","protected":false},"author":1,"featured_media":0,"parent":22,"menu_order":2,"comment_status":"closed","ping_status":"open","template":"bodega-generica.php","meta":{"footnotes":"","_links_to":"","_links_to_target":""},"class_list":["post-199","page","type-page","status-publish","hentry"],"aioseo_notices":[],"_links":{"self":[{"href":"https:\/\/f-schatz.com\/web\/wp-json\/wp\/v2\/pages\/199","targetHints":{"allow":["GET"]}}],"collection":[{"href":"https:\/\/f-schatz.com\/web\/wp-json\/wp\/v2\/pages"}],"about":[{"href":"https:\/\/f-schatz.com\/web\/wp-json\/wp\/v2\/types\/page"}],"author":[{"embeddable":true,"href":"https:\/\/f-schatz.com\/web\/wp-json\/wp\/v2\/users\/1"}],"replies":[{"embeddable":true,"href":"https:\/\/f-schatz.com\/web\/wp-json\/wp\/v2\/comments?post=199"}],"version-history":[{"count":28,"href":"https:\/\/f-schatz.com\/web\/wp-json\/wp\/v2\/pages\/199\/revisions"}],"predecessor-version":[{"id":3194,"href":"https:\/\/f-schatz.com\/web\/wp-json\/wp\/v2\/pages\/199\/revisions\/3194"}],"up":[{"embeddable":true,"href":"https:\/\/f-schatz.com\/web\/wp-json\/wp\/v2\/pages\/22"}],"wp:attachment":[{"href":"https:\/\/f-schatz.com\/web\/wp-json\/wp\/v2\/media?parent=199"}],"curies":[{"name":"wp","href":"https:\/\/api.w.org\/{rel}","templated":true}]}}