{"id":185,"date":"2012-09-28T11:33:02","date_gmt":"2012-09-28T11:33:02","guid":{"rendered":"http:\/\/f-schatz.com\/previa\/?page_id=185"},"modified":"2012-12-12T14:10:22","modified_gmt":"2012-12-12T14:10:22","slug":"geografia","status":"publish","type":"page","link":"https:\/\/f-schatz.com\/web\/historia\/geografia\/","title":{"rendered":"Geograf\u00eda"},"content":{"rendered":"<p><img loading=\"lazy\" decoding=\"async\" class=\"alignleft size-recorte noticia wp-image-186\" title=\"geografia\" src=\"http:\/\/f-schatz.com\/previa\/wp-content\/uploads\/2012\/09\/geografia.jpg\" alt=\"\" width=\"870\" height=\"400\" srcset=\"https:\/\/f-schatz.com\/web\/wp-content\/uploads\/2012\/09\/geografia.jpg 870w, https:\/\/f-schatz.com\/web\/wp-content\/uploads\/2012\/09\/geografia-400x184.jpg 400w\" sizes=\"auto, (max-width: 870px) 100vw, 870px\" \/><\/p>\n<p>La primera bodega ecol\u00f3gica de la provincia de M\u00e1laga, la Bodega F.Schatz, se encuentra ubicada en la Serran\u00eda de Ronda, en una meseta con una altitud de 600 m sobre el nivel del mar, rodeada de la \u00abSierra de Grazalema\u00bb que pertenece a la provincia de C\u00e1diz y de la \u00abSierra de las Nieves\u00bb situada en M\u00e1laga.<\/p>\n<p>Estas Sierras la protegen de los vientos fuertes de Levante y poniente, y garantizan una pluviometria estable de unos 500L anuales. Adem\u00e1s existe un microclima especial (d\u00edas calurosos y noches frescas) que ofrece las condiciones ideales para la elaboraci\u00f3n de vinos tintos, blancos y rosados de alta calidad.\/<\/p>\n<p><p>El vi\u00f1edo se extiende en una suave pendiente hacia el sur con un suelo profundo (de textura Franco-Limo-Arcillo-Arenosa), y sano por su buena aireaci\u00f3n y permeabilidad. La finca ofrece una vista pintoresca rodeada de labor de secano, arroyos naturales, encinares, pastos y de la Ca\u00f1ada Real M\u00e1laga-Sevilla-Jerez.<\/p>\n<p><\/p>\n<p><\/p>","protected":false},"excerpt":{"rendered":"<p>La primera bodega ecol\u00f3gica de la provincia de M\u00e1laga, la Bodega F.Schatz, se encuentra ubicada en la Serran\u00eda de Ronda, en una meseta con una altitud de 600 m sobre el nivel del mar, rodeada de la \u00abSierra de Grazalema\u00bb que pertenece a la provincia de C\u00e1diz y de la \u00abSierra de las Nieves\u00bb situada [&hellip;]<\/p>\n","protected":false},"author":1,"featured_media":0,"parent":2,"menu_order":2,"comment_status":"closed","ping_status":"closed","template":"historia-generica.php","meta":{"footnotes":"","_links_to":"","_links_to_target":""},"class_list":["post-185","page","type-page","status-publish","hentry"],"aioseo_notices":[],"_links":{"self":[{"href":"https:\/\/f-schatz.com\/web\/wp-json\/wp\/v2\/pages\/185","targetHints":{"allow":["GET"]}}],"collection":[{"href":"https:\/\/f-schatz.com\/web\/wp-json\/wp\/v2\/pages"}],"about":[{"href":"https:\/\/f-schatz.com\/web\/wp-json\/wp\/v2\/types\/page"}],"author":[{"embeddable":true,"href":"https:\/\/f-schatz.com\/web\/wp-json\/wp\/v2\/users\/1"}],"replies":[{"embeddable":true,"href":"https:\/\/f-schatz.com\/web\/wp-json\/wp\/v2\/comments?post=185"}],"version-history":[{"count":12,"href":"https:\/\/f-schatz.com\/web\/wp-json\/wp\/v2\/pages\/185\/revisions"}],"predecessor-version":[{"id":472,"href":"https:\/\/f-schatz.com\/web\/wp-json\/wp\/v2\/pages\/185\/revisions\/472"}],"up":[{"embeddable":true,"href":"https:\/\/f-schatz.com\/web\/wp-json\/wp\/v2\/pages\/2"}],"wp:attachment":[{"href":"https:\/\/f-schatz.com\/web\/wp-json\/wp\/v2\/media?parent=185"}],"curies":[{"name":"wp","href":"https:\/\/api.w.org\/{rel}","templated":true}]}}