{"id":1282,"date":"2015-04-14T11:49:36","date_gmt":"2015-04-14T11:49:36","guid":{"rendered":"http:\/\/f-schatz.com\/web\/?page_id=1282"},"modified":"2022-03-14T09:49:06","modified_gmt":"2022-03-14T09:49:06","slug":"aviso-legal","status":"publish","type":"page","link":"https:\/\/f-schatz.com\/web\/aviso-legal\/","title":{"rendered":"Aviso legal"},"content":{"rendered":"<p><\/p>\n<h2>Pol\u00edtica de Protecci\u00f3n de Datos<\/h2>\n<p>FRIEDRICH SCHATZ le informa acerca de su pol\u00edtica de protecci\u00f3n de datos de car\u00e1cter personal.<\/p>\n<p>FRIEDRICH SCHATZ se reserva el derecho a modificar la presente pol\u00edtica, inform\u00e1ndole previamente de los cambios que en ella se produzcan a trav\u00e9s de este aviso.<\/p>\n<p>Usted, al facilitar voluntariamente sus datos personales a trav\u00e9s de cualquier formulario de esta p\u00e1gina web o mensaje de correo electr\u00f3nico y aceptar su env\u00edo, autoriza expresamente a FRIEDRICH SCHATZ para que trate e incorpore en un fichero de su propiedad aquellos datos remitidos.<\/p>\n<p>La recogida y tratamiento de los datos personales que usted facilite tiene como finalidad contactar con usted para dar respuesta a su petici\u00f3n e informarle sobre los productos y servicios que ofrece esta empresa, a trav\u00e9s de cualquier medio de comunicaci\u00f3n, incluso electr\u00f3nico.<\/p>\n<p>Los datos facilitados por usted en los campos marcados con * son obligatorios para poder cumplir con la finalidad expuesta en el p\u00e1rrafo anterior.<\/p>\n<p>FRIEDRICH SCHATZ ha adoptado las medidas t\u00e9cnicas necesarias para evitar la alteraci\u00f3n, p\u00e9rdida o tratamiento no autorizado a los datos personales que usted facilite, habida cuenta de las limitaciones que presenta internet.<\/p>\n<p>FRIEDRICH SCHATZ manifiesta su compromiso de confidencialidad respecto al tratamiento de sus datos personales.<\/p>\n<p>Usted tiene derecho a acceder a la informaci\u00f3n que le concierne, rectificarla de ser err\u00f3nea, cancelarla u oponerse a su tratamiento a trav\u00e9s del correo electr\u00f3nico bodegas@f-schatz.com o de comunicaci\u00f3n escrita dirigida a: FRIEDRICH SCHATZ Calle APARTADO DE CORREOS 131, 29400, RONDA, M\u00c1LAGA.<\/p>\n<p>FRIEDRICH SCHATZ le informa que Este sitio web utiliza cookies de terceros para realizar labores anal\u00edticas. Al continuar navegando aceptas nuestra Pol\u00edtica de Cookies Rechazar estas condiciones (ser\u00e1s redireccionado a google.es).<\/p>","protected":false},"excerpt":{"rendered":"<p>Pol\u00edtica de Protecci\u00f3n de Datos FRIEDRICH SCHATZ le informa acerca de su pol\u00edtica de protecci\u00f3n de datos de car\u00e1cter personal. FRIEDRICH SCHATZ se reserva el derecho a modificar la presente pol\u00edtica, inform\u00e1ndole previamente de los cambios que en ella se produzcan a trav\u00e9s de este aviso. Usted, al facilitar voluntariamente sus datos personales a trav\u00e9s [&hellip;]<\/p>\n","protected":false},"author":1,"featured_media":0,"parent":0,"menu_order":0,"comment_status":"closed","ping_status":"open","template":"","meta":{"footnotes":"","_links_to":"","_links_to_target":""},"class_list":["post-1282","page","type-page","status-publish","hentry"],"aioseo_notices":[],"_links":{"self":[{"href":"https:\/\/f-schatz.com\/web\/wp-json\/wp\/v2\/pages\/1282","targetHints":{"allow":["GET"]}}],"collection":[{"href":"https:\/\/f-schatz.com\/web\/wp-json\/wp\/v2\/pages"}],"about":[{"href":"https:\/\/f-schatz.com\/web\/wp-json\/wp\/v2\/types\/page"}],"author":[{"embeddable":true,"href":"https:\/\/f-schatz.com\/web\/wp-json\/wp\/v2\/users\/1"}],"replies":[{"embeddable":true,"href":"https:\/\/f-schatz.com\/web\/wp-json\/wp\/v2\/comments?post=1282"}],"version-history":[{"count":13,"href":"https:\/\/f-schatz.com\/web\/wp-json\/wp\/v2\/pages\/1282\/revisions"}],"predecessor-version":[{"id":2944,"href":"https:\/\/f-schatz.com\/web\/wp-json\/wp\/v2\/pages\/1282\/revisions\/2944"}],"wp:attachment":[{"href":"https:\/\/f-schatz.com\/web\/wp-json\/wp\/v2\/media?parent=1282"}],"curies":[{"name":"wp","href":"https:\/\/api.w.org\/{rel}","templated":true}]}}