{"id":209,"date":"2012-09-28T12:31:45","date_gmt":"2012-09-28T12:31:45","guid":{"rendered":"http:\/\/f-schatz.com\/previa\/?page_id=209"},"modified":"2012-10-31T14:02:48","modified_gmt":"2012-10-31T14:02:48","slug":"analisis","status":"publish","type":"page","link":"https:\/\/f-schatz.com\/web\/en\/finca_sanguijuela\/analisis\/","title":{"rendered":"Analysis"},"content":{"rendered":"<p><img loading=\"lazy\" decoding=\"async\" class=\"alignleft size-recorte noticia wp-image-210\" title=\"analisis\" src=\"http:\/\/f-schatz.com\/previa\/wp-content\/uploads\/2012\/09\/analisis-850x400.jpg\" alt=\"\" width=\"870\" height=\"400\" \/><\/p>\n<p>Las mediciones fueron realizadas el d\u00eda 23.04.2000 por el m\u00e9dico alem\u00e1n Dr. Dr. med. Helmut W. Schimmel in situ. Como instrumento de medici\u00f3n se utiliz\u00f3 un biotensor.<\/p>\n<h2>Se comprobaron los siguientes par\u00e1metros:<\/h2>\n<p>1. Dextr\u00f3giro \/ lev\u00f3giro \/ neutro<br \/>\n2. Niveles de calidad (0 &#8211; 10)<br \/>\n3. Acidificantes &#8211; alcalinizante &#8211; neutro (0 &#8211; 10)<br \/>\n4. Caracter\u00edsticas que corresponden a captadores de radicales<br \/>\n5. Niveles de fotones (0 &#8211; 10)<\/p>\n<h2>Resultados del an\u00e1lisis energ\u00e9tico de los vinos:<\/h2>\n<p>1. Todos lo vinos eran dextr\u00f3giros, s\u00f3lo un vino mostr\u00f3 oscilaciones neutras.<br \/>\n2. Todos los vinos mostraron altos niveles de calidad, es decir, m\u00e1s de 5.<br \/>\n3. Excepto de una variedad, todos los vinos ten\u00edan un efecto alcalinizante.<br \/>\n4. Todos los vinos conten\u00edan captadores de radicales.<br \/>\n5. Todos los vinos ten\u00edan un contenido alto o muy alto de fotones.<\/p>\n<h2>Explicaciones acerca de los par\u00e1metros 1 &#8211; 5<\/h2>\n<p><strong>acerca 1:<\/strong><br \/>\nDextr\u00f3giro &#8211; lev\u00f3giro &#8211; neutro hace referencia a la radiaci\u00f3n (oscilaciones) del vino. Este par\u00e1metro es id\u00e9ntico a los t\u00e9rminos Yang-Yin-neutro de la medicina tradicional china. Por muchos a\u00f1os de experiencia se sabe que los vinos dextr\u00f3giros son mucho m\u00e1s digeribles que los vinos lev\u00f3giros.<\/p>\n<p><strong>acerca 2:<\/strong><br \/>\nEstos niveles de calidad hacen referencia al grado de pureza de la oscilaci\u00f3n y corresponden a un nivel de calidad energ\u00e9tico, de los cuales 10 es el nivel m\u00e1s alto.<\/p>\n<p><strong>acerca 3:<\/strong><br \/>\nLos vinos pueden formar \u00e1cidos en el cuerpo humano as\u00ed como pueden tener un efecto alcalinizante o neutro. Los vinos que forman \u00e1cidos son peor tolerados por el metabolismo mientras que los ligeramente alcalinizantes son los mejor tolerados. La formaci\u00f3n de \u00e1cidos causada por alcoholes no es solamente el origen del dolor de cabeza y malestar despu\u00e9s de un excesivo consumo de alcohol, la llamada &#8220;resaca post-alcoh\u00f3lica&#8221;, sino t\u00e1mbien puede ser el causante de diferentes sintomas de dolores producidos por \u00e1cidos.<\/p>\n<p><strong>acerca 4:<\/strong><br \/>\nEn la actualidad se sabe que p. ej. la vitamina C, la vitamina E, los flavonoides y el selenio son, aparte de otras sustancias, captadores de radicales. Se trata de los denominados radicales libres que se forman en el metabolismo humano bajo ciertas circunstancias y que, aparte de producir un envejecimiento acelerado, pueden tener tambi\u00e9n un efecto t\u00f3xico. Un buen vino no deber\u00eda ni contener radicales libres ni favorecer la formaci\u00f3n de estos radicales. M\u00e1s bien deber\u00eda contener cierta cantidad de captadores naturales de radicales.<\/p>\n<p><strong>acerca 5:<\/strong><br \/>\nNiveles de fotones es un t\u00e9rmino utilizado en la medicina funcional. Fotones son peque\u00f1as part\u00edculas de luz, se\u00f1ales, que son utilizadas por las c\u00e9lulas como idioma para su comunicaci\u00f3n. Si todas las c\u00e9lulas se comunican por medio de fotones se puede suponer, que no existe ning\u00fan desarrollo maligno. D\u00e1tiles y uvas contienen p. ej. una gran cantidad de fotones por la energ\u00eda solar captada, la que a su vez es la portadora de fotones m\u00e1s potente y pura. Los alimentos y bebidas con un alto contenido de fotones tienen un efecto m\u00e9dico energ\u00e9ticamente m\u00e1s fuerte y regenerador.<\/p>","protected":false},"excerpt":{"rendered":"<p>Las mediciones fueron realizadas el d\u00eda 23.04.2000 por el m\u00e9dico alem\u00e1n Dr. Dr. med. Helmut W. Schimmel in situ. Como instrumento de medici\u00f3n se utiliz\u00f3 un biotensor. Se comprobaron los siguientes par\u00e1metros: 1. Dextr\u00f3giro \/ lev\u00f3giro \/ neutro 2. Niveles de calidad (0 &#8211; 10) 3. Acidificantes &#8211; alcalinizante &#8211; neutro (0 &#8211; 10) 4. [&hellip;]<\/p>\n","protected":false},"author":1,"featured_media":0,"parent":7,"menu_order":4,"comment_status":"closed","ping_status":"open","template":"elaboracion-generica.php","meta":{"footnotes":"","_links_to":"","_links_to_target":""},"class_list":["post-209","page","type-page","status-publish","hentry"],"aioseo_notices":[],"_links":{"self":[{"href":"https:\/\/f-schatz.com\/web\/en\/wp-json\/wp\/v2\/pages\/209","targetHints":{"allow":["GET"]}}],"collection":[{"href":"https:\/\/f-schatz.com\/web\/en\/wp-json\/wp\/v2\/pages"}],"about":[{"href":"https:\/\/f-schatz.com\/web\/en\/wp-json\/wp\/v2\/types\/page"}],"author":[{"embeddable":true,"href":"https:\/\/f-schatz.com\/web\/en\/wp-json\/wp\/v2\/users\/1"}],"replies":[{"embeddable":true,"href":"https:\/\/f-schatz.com\/web\/en\/wp-json\/wp\/v2\/comments?post=209"}],"version-history":[{"count":6,"href":"https:\/\/f-schatz.com\/web\/en\/wp-json\/wp\/v2\/pages\/209\/revisions"}],"predecessor-version":[{"id":225,"href":"https:\/\/f-schatz.com\/web\/en\/wp-json\/wp\/v2\/pages\/209\/revisions\/225"}],"up":[{"embeddable":true,"href":"https:\/\/f-schatz.com\/web\/en\/wp-json\/wp\/v2\/pages\/7"}],"wp:attachment":[{"href":"https:\/\/f-schatz.com\/web\/en\/wp-json\/wp\/v2\/media?parent=209"}],"curies":[{"name":"wp","href":"https:\/\/api.w.org\/{rel}","templated":true}]}}