{"id":9,"date":"2012-09-24T15:05:48","date_gmt":"2012-09-24T15:05:48","guid":{"rendered":"http:\/\/f-schatz.com\/previa\/?page_id=9"},"modified":"2019-03-15T10:23:25","modified_gmt":"2019-03-15T10:23:25","slug":"nuestros-vinos","status":"publish","type":"page","link":"https:\/\/f-schatz.com\/web\/de\/nuestros-vinos\/","title":{"rendered":"UNSERE WEINE"},"content":{"rendered":"<p><img loading=\"lazy\" decoding=\"async\" class=\"alignleft size-full wp-image-380\" title=\"nuestros-vinos-full\" alt=\"\" src=\"http:\/\/f-schatz.com\/previa\/wp-content\/uploads\/2012\/09\/nuestros-vinos-full.jpg\" width=\"870\" height=\"400\" srcset=\"https:\/\/f-schatz.com\/web\/wp-content\/uploads\/2012\/09\/nuestros-vinos-full.jpg 870w, https:\/\/f-schatz.com\/web\/wp-content\/uploads\/2012\/09\/nuestros-vinos-full-400x184.jpg 400w, https:\/\/f-schatz.com\/web\/wp-content\/uploads\/2012\/09\/nuestros-vinos-full-420x193.jpg 420w\" sizes=\"auto, (max-width: 870px) 100vw, 870px\" \/><\/p>\n<p style=\"margin-top: 0px;\">Jeder der Weine ist eine Erfahrung, Alle zusammen ein SCHATZ<\/p>\n<p>Gut ausgeglichene Weine mit reifen Tanninen und weicher gesunder S\u00e4ure.<\/p>\n<p>Dekantiert erreichen sie eine bessere Sauerstoffaufnahme, und eine st\u00e4rkere Entfaltung der nat\u00fcrlichen und lebendigen Aromen.<\/p>\n<p>Bodega F. Schatz, geh\u00f6rt zu der Unterzone &#8222;Serrania de Ronda&#8220; der Ursprungsbezeichnung \/ Herkunftsbezeichnung D.O. &#8222;Sierras de M\u00e1laga\u201d<\/p>\n<p>&#8222;Die W\u00e4rme des Weines \u00fcbt den gleichen Effekt auf die Seele aus, wie das Feuer auf den Weihrauch&#8220;<\/p>\n<p>\nPlutarch<\/p>\n<p><\/p>","protected":false},"excerpt":{"rendered":"<p>Jeder der Weine ist eine Erfahrung, Alle zusammen ein SCHATZ Gut ausgeglichene Weine mit reifen Tanninen und weicher gesunder S\u00e4ure. Dekantiert erreichen sie eine bessere Sauerstoffaufnahme, und eine st\u00e4rkere Entfaltung der nat\u00fcrlichen und lebendigen Aromen. Bodega F. Schatz, geh\u00f6rt zu der Unterzone &#8222;Serrania de Ronda&#8220; der Ursprungsbezeichnung \/ Herkunftsbezeichnung D.O. &#8222;Sierras de M\u00e1laga\u201d &#8222;Die W\u00e4rme [&hellip;]<\/p>\n","protected":false},"author":1,"featured_media":0,"parent":0,"menu_order":3,"comment_status":"closed","ping_status":"closed","template":"vinos.php","meta":{"footnotes":"","_links_to":"","_links_to_target":""},"class_list":["post-9","page","type-page","status-publish","hentry"],"aioseo_notices":[],"_links":{"self":[{"href":"https:\/\/f-schatz.com\/web\/de\/wp-json\/wp\/v2\/pages\/9","targetHints":{"allow":["GET"]}}],"collection":[{"href":"https:\/\/f-schatz.com\/web\/de\/wp-json\/wp\/v2\/pages"}],"about":[{"href":"https:\/\/f-schatz.com\/web\/de\/wp-json\/wp\/v2\/types\/page"}],"author":[{"embeddable":true,"href":"https:\/\/f-schatz.com\/web\/de\/wp-json\/wp\/v2\/users\/1"}],"replies":[{"embeddable":true,"href":"https:\/\/f-schatz.com\/web\/de\/wp-json\/wp\/v2\/comments?post=9"}],"version-history":[{"count":63,"href":"https:\/\/f-schatz.com\/web\/de\/wp-json\/wp\/v2\/pages\/9\/revisions"}],"predecessor-version":[{"id":2214,"href":"https:\/\/f-schatz.com\/web\/de\/wp-json\/wp\/v2\/pages\/9\/revisions\/2214"}],"wp:attachment":[{"href":"https:\/\/f-schatz.com\/web\/de\/wp-json\/wp\/v2\/media?parent=9"}],"curies":[{"name":"wp","href":"https:\/\/api.w.org\/{rel}","templated":true}]}}