{"id":749,"date":"2013-04-12T12:46:56","date_gmt":"2013-04-12T12:46:56","guid":{"rendered":"http:\/\/f-schatz.com\/previa\/?page_id=749"},"modified":"2023-03-07T08:23:25","modified_gmt":"2023-03-07T08:23:25","slug":"club","status":"publish","type":"page","link":"https:\/\/f-schatz.com\/web\/de\/contacto\/club\/","title":{"rendered":"CLUB SCHATZ"},"content":{"rendered":"<p><img loading=\"lazy\" decoding=\"async\" class=\"alignleft size-full wp-image-1177\" title=\"imagen-para-club\" src=\"http:\/\/f-schatz.com\/web\/wp-content\/uploads\/2013\/04\/imagen-para-club1.jpg\" alt=\"\" width=\"870\" height=\"400\" srcset=\"https:\/\/f-schatz.com\/web\/wp-content\/uploads\/2013\/04\/imagen-para-club1.jpg 870w, https:\/\/f-schatz.com\/web\/wp-content\/uploads\/2013\/04\/imagen-para-club1-400x184.jpg 400w, https:\/\/f-schatz.com\/web\/wp-content\/uploads\/2013\/04\/imagen-para-club1-420x193.jpg 420w\" sizes=\"auto, (max-width: 870px) 100vw, 870px\" \/><\/p>\n<h2>Treten sie dem  Club der Freunde der Bodegas Schatz bei, und geniesen sie eine exklusive Auswahl der Angebote und einzigartige Erlebnisse,die  alle im Zusammenhang mit der Welt des Weins stehen.<\/h2>\n<p><strong> Werden Sie Mitglied und erhalten Sie die folgenden Vorteile:<\/strong><\/p>\n<p>\u2022 Teilnahme an Gewinnspielen, Rabatten und Wein bezogenen Erlebnissen.<\/p>\n<p>\u2022 Kostenlose Teilnahme an Workshops auf dem Weingut.<\/p>\n<p>\u2022 Privilegierte Zugangsm\u00f6glichkeit beim Verkauf von limitierten Auflagen von Produkten\/Weinen.<\/p>\n<p>\u2022 Rechtzeitige Zusendung von relevanten Informationen.<\/p>\n<p>F\u00fcllen Sie einfach dieses Formular mit Ihren pers\u00f6nlichen Daten aus,  und werden ein Teil unseres exklusiven Club\u00b4s.<\/p>\n\n<div class=\"wpcf7 no-js\" id=\"wpcf7-f3209-o3\" lang=\"es-ES\" dir=\"ltr\" data-wpcf7-id=\"3209\">\n<div class=\"screen-reader-response\"><p role=\"status\" aria-live=\"polite\" aria-atomic=\"true\"><\/p> <ul><\/ul><\/div>\n<form action=\"\/web\/de\/wp-json\/wp\/v2\/pages\/749#wpcf7-f3209-o3\" method=\"post\" class=\"wpcf7-form init\" aria-label=\"Formulario de contacto\" novalidate=\"novalidate\" data-status=\"init\">\n<div style=\"display: none;\">\n<input type=\"hidden\" name=\"_wpcf7\" value=\"3209\" \/>\n<input type=\"hidden\" name=\"_wpcf7_version\" value=\"6.0.6\" \/>\n<input type=\"hidden\" name=\"_wpcf7_locale\" value=\"es_ES\" \/>\n<input type=\"hidden\" name=\"_wpcf7_unit_tag\" value=\"wpcf7-f3209-o3\" \/>\n<input type=\"hidden\" name=\"_wpcf7_container_post\" value=\"0\" \/>\n<input type=\"hidden\" name=\"_wpcf7_posted_data_hash\" value=\"\" \/>\n<\/div>\n<p><label> Name<br \/>\n<span class=\"wpcf7-form-control-wrap\" data-name=\"your-name\"><input size=\"40\" maxlength=\"400\" class=\"wpcf7-form-control wpcf7-text wpcf7-validates-as-required\" autocomplete=\"name\" aria-required=\"true\" aria-invalid=\"false\" value=\"\" type=\"text\" name=\"your-name\" \/><\/span> <\/label>\n<\/p>\n<p><label> Nachnamen<br \/>\n<span class=\"wpcf7-form-control-wrap\" data-name=\"your-surnames\"><input size=\"40\" maxlength=\"400\" class=\"wpcf7-form-control wpcf7-text wpcf7-validates-as-required\" autocomplete=\"surnames\" aria-required=\"true\" aria-invalid=\"false\" value=\"\" type=\"text\" name=\"your-surnames\" \/><\/span> <\/label>\n<\/p>\n<p><label> Telefon<br \/>\n<span class=\"wpcf7-form-control-wrap\" data-name=\"your-tel\"><input size=\"40\" maxlength=\"400\" class=\"wpcf7-form-control wpcf7-tel wpcf7-validates-as-required wpcf7-text wpcf7-validates-as-tel\" autocomplete=\"email\" aria-required=\"true\" aria-invalid=\"false\" value=\"\" type=\"tel\" name=\"your-tel\" \/><\/span> <\/label>\n<\/p>\n<p><label> Email<br \/>\n<span class=\"wpcf7-form-control-wrap\" data-name=\"your-email\"><input size=\"40\" maxlength=\"400\" class=\"wpcf7-form-control wpcf7-email wpcf7-validates-as-required wpcf7-text wpcf7-validates-as-email\" autocomplete=\"email\" aria-required=\"true\" aria-invalid=\"false\" value=\"\" type=\"email\" name=\"your-email\" \/><\/span> <\/label>\n<\/p>\n<p><span class=\"wpcf7-form-control-wrap\" data-name=\"checkbox-16\"><span class=\"wpcf7-form-control wpcf7-checkbox wpcf7-validates-as-required\"><span class=\"wpcf7-list-item first last\"><label><input type=\"checkbox\" name=\"checkbox-16[]\" value=\"Ich erkl\u00e4re, dass alle von mir hier gemachten Angaben der Wahrheit entsprechen und dass ich die unten beigef\u00fcgten Vertragsklauseln gelesen und akzeptiert habe.\" \/><span class=\"wpcf7-list-item-label\">Ich erkl\u00e4re, dass alle von mir hier gemachten Angaben der Wahrheit entsprechen und dass ich die unten beigef\u00fcgten Vertragsklauseln gelesen und akzeptiert habe.<\/span><\/label><\/span><\/span><\/span><br \/>\n<input class=\"wpcf7-form-control wpcf7-submit has-spinner\" type=\"submit\" value=\"Schicken\" \/>\n<\/p><div class=\"wpcf7-response-output\" aria-hidden=\"true\"><\/div>\n<\/form>\n<\/div>\n\n<p style=\"font-size: 10px; line-height: 14px;\"><strong>Datenschutzgesetz<\/strong><\/p>\n<p style=\"font-size: 10px; line-height: 14px;\">Die pers\u00f6nlichen Daten, die sie uns geben, sind Zweck zur Erstellung einer Datei f\u00fcr das Management des Kunden Service, sowie auch f\u00fcr Informationen \u00fcber die Produktlieferungen von Bodega F. Schatz . Bodega F. Schatz,  wohnhaft in Finca Sanguijuela s\/n., Postfach 131, E- 29400 Ronda ist verantwortlich f\u00fcr die Datei, und verpflichtet sich die Bedingungen, nach geltendem Recht in \u00dcbereinstimmung mit dem Datenschutzgesetz 15\/1999 vom 13. Dezember, zu erf\u00fcllen, und die Vertraulichkeit Ihrer pers\u00f6nlichen Daten und die Aus\u00fcbung ihrer Rechte auf Zugang zu Berichtigung, L\u00f6schung und Widerspruch zu gew\u00e4hrleisten. Wenn Sie Ihre E-Mail-Adresse oder Handy zur Verf\u00fcgung gestellt haben, verstehen wir, dass Sie sich ausdr\u00fccklich damit einverstanden sind, Ihnen kommerzielle Kommunikationen durch elektronische oder andere Mittel der elektronischen Kommunikation (wie SMS) auf den oben genannten Produkten zu senden. Um die oben genannten Zwecke zu erf\u00fcllen, genehmigen sie, die Informationen, die Sie zur Bodega F. Schatz , wohnhaft in Finca Sanguijuela s\/n., Postfach 131, E-29400 Ronda, Malaga (Spanien),  zur Verf\u00fcgung gestellt haben, offenzulegen. und wir verstehen, dass durch ausf\u00fcllen dieses Formulars, Sie uns ausdr\u00fccklich erm\u00e4chtigen solche Kommunikationen zu machen.<\/p>\n<p>Um Ihre Einwilligung zu  widerrufen, senden Sie bitte eine Email an:  <a href=\"mailto: bodega@f-schatz.com\">bodega@f-schatz.com<\/a> mit dem Betreff: BAJA.<\/p>\n<p><\/p>","protected":false},"excerpt":{"rendered":"<p>Treten sie dem Club der Freunde der Bodegas Schatz bei, und geniesen sie eine exklusive Auswahl der Angebote und einzigartige Erlebnisse,die alle im Zusammenhang mit der Welt des Weins stehen. Werden Sie Mitglied und erhalten Sie die folgenden Vorteile: \u2022 Teilnahme an Gewinnspielen, Rabatten und Wein bezogenen Erlebnissen. \u2022 Kostenlose Teilnahme an Workshops auf dem [&hellip;]<\/p>\n","protected":false},"author":1,"featured_media":0,"parent":11,"menu_order":0,"comment_status":"closed","ping_status":"open","template":"club.php","meta":{"footnotes":"","_links_to":"","_links_to_target":""},"class_list":["post-749","page","type-page","status-publish","hentry"],"aioseo_notices":[],"_links":{"self":[{"href":"https:\/\/f-schatz.com\/web\/de\/wp-json\/wp\/v2\/pages\/749","targetHints":{"allow":["GET"]}}],"collection":[{"href":"https:\/\/f-schatz.com\/web\/de\/wp-json\/wp\/v2\/pages"}],"about":[{"href":"https:\/\/f-schatz.com\/web\/de\/wp-json\/wp\/v2\/types\/page"}],"author":[{"embeddable":true,"href":"https:\/\/f-schatz.com\/web\/de\/wp-json\/wp\/v2\/users\/1"}],"replies":[{"embeddable":true,"href":"https:\/\/f-schatz.com\/web\/de\/wp-json\/wp\/v2\/comments?post=749"}],"version-history":[{"count":37,"href":"https:\/\/f-schatz.com\/web\/de\/wp-json\/wp\/v2\/pages\/749\/revisions"}],"predecessor-version":[{"id":3212,"href":"https:\/\/f-schatz.com\/web\/de\/wp-json\/wp\/v2\/pages\/749\/revisions\/3212"}],"up":[{"embeddable":true,"href":"https:\/\/f-schatz.com\/web\/de\/wp-json\/wp\/v2\/pages\/11"}],"wp:attachment":[{"href":"https:\/\/f-schatz.com\/web\/de\/wp-json\/wp\/v2\/media?parent=749"}],"curies":[{"name":"wp","href":"https:\/\/api.w.org\/{rel}","templated":true}]}}