{"id":7,"date":"2012-09-24T15:04:58","date_gmt":"2012-09-24T15:04:58","guid":{"rendered":"http:\/\/f-schatz.com\/previa\/?page_id=7"},"modified":"2023-02-24T07:52:15","modified_gmt":"2023-02-24T07:52:15","slug":"finca_sanguijuela","status":"publish","type":"page","link":"https:\/\/f-schatz.com\/web\/de\/finca_sanguijuela\/","title":{"rendered":"DIE FINCA"},"content":{"rendered":"<p><\/p>\n<p>Die Finca Sanguijela befindet sich 10km von Ronda entfernt, eingebettet in die &#8218;Serrania de Ronda.<\/p>\n<p>Von hier kann man malerische Aussichten auf Felder, Wildb\u00e4che, Eichenw\u00e4lder, gr\u00fcne Weiden und eine alte &#8218;Canada Real&#8216; (Viehtriebtrasse) an der Verbindung Malaga-Sevilla-Jerez geniessen.<\/p>\n<p>Es exisitiert ein spezielles Mikroklima mit heissen Tagen und kalten N\u00e4chten, das ideale Bedingungen f\u00fcr den Anbau von \u00f6kologischen, biodynamischen Weinen h\u00f6chster Qualit\u00e4t liefert.<\/p>\n<p>Gelegen auf einer Hochebene ca.700 m \u00fcber dem Meeresspiegel, umgeben von der &#8218;Sierra de Grazalema&#8216; und der &#8218;Sierra de las Nieves&#8216;, wird die Finca von den starken Ost- und Westwinden gesch\u00fctzt und hat einen garantierten Niederschlag von ca.<\/p>\n<p>500 Litern j\u00e4hrlich.<\/p>\n<p>\u201cDie Landwirtschaft muss wieder eine Kunst sein, die Kunst den Pflanzen zu helfen, damit sie die Kr\u00e4fte erhalten, um sich gut ausdr\u00fccken zu k\u00f6nnen\u201d<\/p>\n<p>Nicolas Joly<\/p>\n<p><\/p>","protected":false},"excerpt":{"rendered":"<p>Die Finca Sanguijela befindet sich 10km von Ronda entfernt, eingebettet in die &#8218;Serrania de Ronda. Von hier kann man malerische Aussichten auf Felder, Wildb\u00e4che, Eichenw\u00e4lder, gr\u00fcne Weiden und eine alte &#8218;Canada Real&#8216; (Viehtriebtrasse) an der Verbindung Malaga-Sevilla-Jerez geniessen. Es exisitiert ein spezielles Mikroklima mit heissen Tagen und kalten N\u00e4chten, das ideale Bedingungen f\u00fcr den Anbau [&hellip;]<\/p>\n","protected":false},"author":1,"featured_media":1311,"parent":0,"menu_order":1,"comment_status":"closed","ping_status":"open","template":"elaboracion.php","meta":{"footnotes":"","_links_to":"","_links_to_target":""},"class_list":["post-7","page","type-page","status-publish","has-post-thumbnail","hentry"],"aioseo_notices":[],"_links":{"self":[{"href":"https:\/\/f-schatz.com\/web\/de\/wp-json\/wp\/v2\/pages\/7","targetHints":{"allow":["GET"]}}],"collection":[{"href":"https:\/\/f-schatz.com\/web\/de\/wp-json\/wp\/v2\/pages"}],"about":[{"href":"https:\/\/f-schatz.com\/web\/de\/wp-json\/wp\/v2\/types\/page"}],"author":[{"embeddable":true,"href":"https:\/\/f-schatz.com\/web\/de\/wp-json\/wp\/v2\/users\/1"}],"replies":[{"embeddable":true,"href":"https:\/\/f-schatz.com\/web\/de\/wp-json\/wp\/v2\/comments?post=7"}],"version-history":[{"count":107,"href":"https:\/\/f-schatz.com\/web\/de\/wp-json\/wp\/v2\/pages\/7\/revisions"}],"predecessor-version":[{"id":3189,"href":"https:\/\/f-schatz.com\/web\/de\/wp-json\/wp\/v2\/pages\/7\/revisions\/3189"}],"wp:featuredmedia":[{"embeddable":true,"href":"https:\/\/f-schatz.com\/web\/de\/wp-json\/wp\/v2\/media\/1311"}],"wp:attachment":[{"href":"https:\/\/f-schatz.com\/web\/de\/wp-json\/wp\/v2\/media?parent=7"}],"curies":[{"name":"wp","href":"https:\/\/api.w.org\/{rel}","templated":true}]}}