{"id":592,"date":"2013-04-09T14:45:05","date_gmt":"2013-04-09T14:45:05","guid":{"rendered":"http:\/\/f-schatz.com\/previa\/?page_id=592"},"modified":"2015-04-14T11:13:57","modified_gmt":"2015-04-14T11:13:57","slug":"cristalizaciones-sensibles","status":"publish","type":"page","link":"https:\/\/f-schatz.com\/web\/de\/bodega-2\/metodos\/cristalizaciones-sensibles\/","title":{"rendered":"Sensible Kristallisationen"},"content":{"rendered":"<p><img loading=\"lazy\" decoding=\"async\" class=\"size-full wp-image-596 alignleft\" title=\"autoctonas\" src=\"http:\/\/f-schatz.com\/previa\/wp-content\/uploads\/2013\/04\/autoctonas.jpg\" alt=\"\" width=\"850\" height=\"400\" srcset=\"https:\/\/f-schatz.com\/web\/wp-content\/uploads\/2013\/04\/autoctonas.jpg 850w, https:\/\/f-schatz.com\/web\/wp-content\/uploads\/2013\/04\/autoctonas-400x188.jpg 400w, https:\/\/f-schatz.com\/web\/wp-content\/uploads\/2013\/04\/autoctonas-420x197.jpg 420w\" sizes=\"auto, (max-width: 850px) 100vw, 850px\" \/><\/p>\n<p>Die sensible Kristallisierung ist eine Methode, um die Vitalit\u00e4t (die lebendigen St\u00e4rken) einesNahrungsmittels (bzw. Weins) zu erkennen und zu bestimmen. Sie ist eine der wenigen Techniken, die uns erlaubt, die Form des Anbaus zu unterscheiden, und gibt n\u00fctzliche Hinweise auf Manipulationen und Transformationen, welche die Trauben erlitten haben k\u00f6nnten, sowie jegliche M\u00e4ngel oder Krankheiten.<\/p>\n<p>Die sensible Kristallisierung basiert auf der Tatsache, da\u00df jedes Mineral sein Kristall hat, eine bestimmte geometrische Disposition von Molek\u00fclen, die bei ihrer Festigung geordnete Strukturen formen.<\/p>\n<p>Diese stehen in enger Relation mit Schwingformen, Kr\u00e4ften und Energien, die \u00fcber alle Elemente herrschen.<\/p>\n<p>Die Methode besteht in der Kristallisierung einer Kupfer-Chlorid-L\u00f6sung unter kontrollierter Temperatur und Feuchtigkeit, ca. 28\u00b0C und 60% realtiver Luftfeuchtigkeit. Wenn man nur die Kupfer-Chlorid-L\u00f6sung kristallisiert, entstehen Formen ohne klare Struktur. Man mu\u00df nur organische Material (Wein) zum Chlor hinzugeben&#8230;damit die Bilder, die auf den Platten (Petri-Schalen) erscheinen, sich radikal ver\u00e4ndern und klare Formen annehmen.<\/p>\n<h2>BIESPIEL DIE KRISTALISATION VON ACINIPO<\/h2>\n<p><img loading=\"lazy\" decoding=\"async\" class=\"wp-image-599 alignleft\" title=\"cristalizaci\u00f3n\" src=\"http:\/\/f-schatz.com\/previa\/wp-content\/uploads\/2013\/04\/cristalizaci\u00f3n-420x411.png\" alt=\"\" width=\"265\" height=\"259\" srcset=\"https:\/\/f-schatz.com\/web\/wp-content\/uploads\/2013\/04\/cristalizaci\u00f3n-420x411.png 420w, https:\/\/f-schatz.com\/web\/wp-content\/uploads\/2013\/04\/cristalizaci\u00f3n-400x392.png 400w, https:\/\/f-schatz.com\/web\/wp-content\/uploads\/2013\/04\/cristalizaci\u00f3n.png 567w\" sizes=\"auto, (max-width: 265px) 100vw, 265px\" \/><\/p>\n<p><\/p>","protected":false},"excerpt":{"rendered":"<p>Die sensible Kristallisierung ist eine Methode, um die Vitalit\u00e4t (die lebendigen St\u00e4rken) einesNahrungsmittels (bzw. Weins) zu erkennen und zu bestimmen. Sie ist eine der wenigen Techniken, die uns erlaubt, die Form des Anbaus zu unterscheiden, und gibt n\u00fctzliche Hinweise auf Manipulationen und Transformationen, welche die Trauben erlitten haben k\u00f6nnten, sowie jegliche M\u00e4ngel oder Krankheiten. Die [&hellip;]<\/p>\n","protected":false},"author":1,"featured_media":0,"parent":22,"menu_order":0,"comment_status":"closed","ping_status":"open","template":"bodega-generica.php","meta":{"footnotes":"","_links_to":"","_links_to_target":""},"class_list":["post-592","page","type-page","status-publish","hentry"],"aioseo_notices":[],"_links":{"self":[{"href":"https:\/\/f-schatz.com\/web\/de\/wp-json\/wp\/v2\/pages\/592","targetHints":{"allow":["GET"]}}],"collection":[{"href":"https:\/\/f-schatz.com\/web\/de\/wp-json\/wp\/v2\/pages"}],"about":[{"href":"https:\/\/f-schatz.com\/web\/de\/wp-json\/wp\/v2\/types\/page"}],"author":[{"embeddable":true,"href":"https:\/\/f-schatz.com\/web\/de\/wp-json\/wp\/v2\/users\/1"}],"replies":[{"embeddable":true,"href":"https:\/\/f-schatz.com\/web\/de\/wp-json\/wp\/v2\/comments?post=592"}],"version-history":[{"count":37,"href":"https:\/\/f-schatz.com\/web\/de\/wp-json\/wp\/v2\/pages\/592\/revisions"}],"predecessor-version":[{"id":1484,"href":"https:\/\/f-schatz.com\/web\/de\/wp-json\/wp\/v2\/pages\/592\/revisions\/1484"}],"up":[{"embeddable":true,"href":"https:\/\/f-schatz.com\/web\/de\/wp-json\/wp\/v2\/pages\/22"}],"wp:attachment":[{"href":"https:\/\/f-schatz.com\/web\/de\/wp-json\/wp\/v2\/media?parent=592"}],"curies":[{"name":"wp","href":"https:\/\/api.w.org\/{rel}","templated":true}]}}