{"id":528,"date":"2013-04-08T15:10:25","date_gmt":"2013-04-08T15:10:25","guid":{"rendered":"http:\/\/f-schatz.com\/previa\/?page_id=528"},"modified":"2023-02-24T07:54:17","modified_gmt":"2023-02-24T07:54:17","slug":"ecologico-biodinamico","status":"publish","type":"page","link":"https:\/\/f-schatz.com\/web\/de\/ecologico-biodinamico\/","title":{"rendered":"\u00d6kologisch-Biodynamisch-Natural"},"content":{"rendered":"<p><\/p>\n<p><img loading=\"lazy\" decoding=\"async\" class=\"alignright size-medium wp-image-530\" style=\"margin-top: 30px;\" title=\"BODEGA SCHATZ\" src=\"http:\/\/f-schatz.com\/previa\/wp-content\/uploads\/2013\/04\/20110926Andalusien103-420x629.jpg\" alt=\"\" width=\"420\" height=\"629\" srcset=\"https:\/\/f-schatz.com\/web\/wp-content\/uploads\/2013\/04\/20110926Andalusien103-420x629.jpg 420w, https:\/\/f-schatz.com\/web\/wp-content\/uploads\/2013\/04\/20110926Andalusien103-400x600.jpg 400w, https:\/\/f-schatz.com\/web\/wp-content\/uploads\/2013\/04\/20110926Andalusien103.jpg 899w\" sizes=\"auto, (max-width: 420px) 100vw, 420px\" \/><\/p>\n<p><img loading=\"lazy\" decoding=\"async\" class=\"alignright wp-image-530\" title=\"BODEGA SCHATZ\" src=\"http:\/\/f-schatz.com\/previa\/wp-content\/uploads\/2013\/04\/20110915Andalusien785-420x280.jpg\" alt=\"\" width=\"420\" height=\"280\" \/> <\/p>\n<p class=\"cita\" style=\"border-top: none; color: #da842b; font-size: 20px; text-align: left; padding-bottom: 10px; padding-top: 20px;\">Unsere Weinbaukultur befolgt \u00f6kologische und biodynamische Praktiken. Sie unterst\u00fctzen eine ausgeglichene, reichhaltige und vielf\u00e4ltige Umwelt<\/p>\n<p>Die N\u00e4hrstoffversorgung des Bodens geschieht \u00fcber den nat\u00fcrlichen Kreislauf, d.h das Rebholz beim Rebschnitt sowie Trester- und Hefereste aus der Kelterung werden dem Weinberg \u00fcber biodinamisierten Kompost wieder zugef\u00fchrt.<br \/>\nDer Hauptn\u00e4hrstoffentzug wird einerseits durch Ausbringen von Kompost, und andererseits \u00fcber Gr\u00fcnd\u00fcngung, d.h. Auss\u00e4en von sogenannten Leguminosen (Stickstoffsammler) wie Bohnen, Wicken, Klee, Erbsen etc., ausgeglichen.<\/p>\n<p>Dadurch vermindert sich das Auswasch- und Erosionsrisiko des Bodens.<\/p>\n<p>Mit aufwendiger Handarbeit wird der Ertrag durch einen speziellen Rebschnitt , Doppel Guyot,auf 6-8 Augen pro Rebe begrenzt.<\/p>\n<p>Sp\u00e4ter folgen h\u00e4ufige Eingriffe beim ersten Gr\u00fcnschnitt (Ausd\u00fcnn- und Laubarbeiten), um eine hocherzogene, lockere, gutaufgeteilte Laubwand zu erreichen. Dies erh\u00f6ht die Qualit\u00e4t der Trauben und hat gleichzeitig eine starke, vorbeugende Wirkung gegen m\u00f6glichen Pilz- und Krankheitsbefall.<\/p>\n<p>Der Pflanzenschutz mit \u00f6kologischen und biodynamischen Mitteln begrenzt sich auf vorbeugende Ma\u00dfnahmen und Behandlungen bei widrigen Witterungseinfl\u00fcssen und zielt haupts\u00e4chlich auf eine St\u00e4rkung des Abwehrsystems der Pflanzen und der bereits vorhandenen Fauna ab.<\/p>\n<p>Eingesetzt werden gering dosierte, elementare Schwefel und Kupfer, Seife, Knoblauchextrakt, Pheromone, Wasserglass, Alkohol, Backpulver, Fenchel\u00f6l und die biodynamischen Pr\u00e4parate (500-508): Hornmist, Hornkiesel, Schafgarbe, Kamille, Brennessel, Eichenrinde, L\u00f6wenzahn, Baldrian und Ackerschachtelhalm.<\/p>\n<p><\/p>","protected":false},"excerpt":{"rendered":"<p>Unsere Weinbaukultur befolgt \u00f6kologische und biodynamische Praktiken. Sie unterst\u00fctzen eine ausgeglichene, reichhaltige und vielf\u00e4ltige Umwelt Die N\u00e4hrstoffversorgung des Bodens geschieht \u00fcber den nat\u00fcrlichen Kreislauf, d.h das Rebholz beim Rebschnitt sowie Trester- und Hefereste aus der Kelterung werden dem Weinberg \u00fcber biodinamisierten Kompost wieder zugef\u00fchrt. Der Hauptn\u00e4hrstoffentzug wird einerseits durch Ausbringen von Kompost, und andererseits \u00fcber [&hellip;]<\/p>\n","protected":false},"author":1,"featured_media":0,"parent":0,"menu_order":0,"comment_status":"closed","ping_status":"open","template":"elaboracion-generica.php","meta":{"footnotes":"","_links_to":"","_links_to_target":""},"class_list":["post-528","page","type-page","status-publish","hentry"],"aioseo_notices":[],"_links":{"self":[{"href":"https:\/\/f-schatz.com\/web\/de\/wp-json\/wp\/v2\/pages\/528","targetHints":{"allow":["GET"]}}],"collection":[{"href":"https:\/\/f-schatz.com\/web\/de\/wp-json\/wp\/v2\/pages"}],"about":[{"href":"https:\/\/f-schatz.com\/web\/de\/wp-json\/wp\/v2\/types\/page"}],"author":[{"embeddable":true,"href":"https:\/\/f-schatz.com\/web\/de\/wp-json\/wp\/v2\/users\/1"}],"replies":[{"embeddable":true,"href":"https:\/\/f-schatz.com\/web\/de\/wp-json\/wp\/v2\/comments?post=528"}],"version-history":[{"count":55,"href":"https:\/\/f-schatz.com\/web\/de\/wp-json\/wp\/v2\/pages\/528\/revisions"}],"predecessor-version":[{"id":3192,"href":"https:\/\/f-schatz.com\/web\/de\/wp-json\/wp\/v2\/pages\/528\/revisions\/3192"}],"wp:attachment":[{"href":"https:\/\/f-schatz.com\/web\/de\/wp-json\/wp\/v2\/media?parent=528"}],"curies":[{"name":"wp","href":"https:\/\/api.w.org\/{rel}","templated":true}]}}