{"id":513,"date":"2013-04-05T12:30:49","date_gmt":"2013-04-05T12:30:49","guid":{"rendered":"http:\/\/f-schatz.com\/previa\/?page_id=513"},"modified":"2023-02-24T07:53:16","modified_gmt":"2023-02-24T07:53:16","slug":"el-vinedo","status":"publish","type":"page","link":"https:\/\/f-schatz.com\/web\/de\/finca_sanguijuela\/el-vinedo\/","title":{"rendered":"Der Weinberg"},"content":{"rendered":"<p><img loading=\"lazy\" decoding=\"async\" class=\"alignleft size-full wp-image-516\" title=\"vi\u00f1edos\" src=\"http:\/\/f-schatz.com\/previa\/wp-content\/uploads\/2013\/04\/vi\u00f1edos.jpg\" alt=\"\" width=\"870\" height=\"400\" srcset=\"https:\/\/f-schatz.com\/web\/wp-content\/uploads\/2013\/04\/vi\u00f1edos.jpg 870w, https:\/\/f-schatz.com\/web\/wp-content\/uploads\/2013\/04\/vi\u00f1edos-400x184.jpg 400w, https:\/\/f-schatz.com\/web\/wp-content\/uploads\/2013\/04\/vi\u00f1edos-420x193.jpg 420w\" sizes=\"auto, (max-width: 870px) 100vw, 870px\" \/><\/p>\n<p>Der Weinberg breitet sich an einem sanften Hang nach S\u00fcden hin aus und verf\u00fcgt \u00fcber einen lockeren tiefgr\u00fcndigen Schluff-, Ton und Sandboden, der eine sehr gute Durchl\u00fcftung und Drainage f\u00fcr einen gesunden Boden gew\u00e4hrleistet.<\/p>\n<p>Im Jahr 1982 pflanzte Friedrich die ersten neuen Reben auf der Finca, um das vegetative und generative Verhalten und die Entwicklung des sp\u00e4ter daraus gekelterten Weines zu untersuchen.<\/p>\n<p>Aufgrund der Versuchsergebnisse verschiedener Sorten und Analysen von Boden und Klima wurden schliesslich folgende Sorten ausgew\u00e4hlt und angepflanzt: Lemberger*, Pinot Noir, Petit Verdot, Chardonnay, Moscatel Negro *,Tempranillo,Syrah, Merlot und Cabernet Sauvignon.<\/p>\n<p>Sie wurden auf 3 Hektar in einer Spalierdrahtanlage im Abstand von 1&#215;2 Metern angepflanzt.<\/p>\n<p>The aforementioned varieties were planted in trellises at a distance of 1&#215;2 metres.<\/p>\n<p><\/p>","protected":false},"excerpt":{"rendered":"<p>Der Weinberg breitet sich an einem sanften Hang nach S\u00fcden hin aus und verf\u00fcgt \u00fcber einen lockeren tiefgr\u00fcndigen Schluff-, Ton und Sandboden, der eine sehr gute Durchl\u00fcftung und Drainage f\u00fcr einen gesunden Boden gew\u00e4hrleistet. Im Jahr 1982 pflanzte Friedrich die ersten neuen Reben auf der Finca, um das vegetative und generative Verhalten und die Entwicklung [&hellip;]<\/p>\n","protected":false},"author":1,"featured_media":0,"parent":7,"menu_order":0,"comment_status":"closed","ping_status":"open","template":"elaboracion-generica.php","meta":{"footnotes":"","_links_to":"","_links_to_target":""},"class_list":["post-513","page","type-page","status-publish","hentry"],"aioseo_notices":[],"_links":{"self":[{"href":"https:\/\/f-schatz.com\/web\/de\/wp-json\/wp\/v2\/pages\/513","targetHints":{"allow":["GET"]}}],"collection":[{"href":"https:\/\/f-schatz.com\/web\/de\/wp-json\/wp\/v2\/pages"}],"about":[{"href":"https:\/\/f-schatz.com\/web\/de\/wp-json\/wp\/v2\/types\/page"}],"author":[{"embeddable":true,"href":"https:\/\/f-schatz.com\/web\/de\/wp-json\/wp\/v2\/users\/1"}],"replies":[{"embeddable":true,"href":"https:\/\/f-schatz.com\/web\/de\/wp-json\/wp\/v2\/comments?post=513"}],"version-history":[{"count":31,"href":"https:\/\/f-schatz.com\/web\/de\/wp-json\/wp\/v2\/pages\/513\/revisions"}],"predecessor-version":[{"id":3190,"href":"https:\/\/f-schatz.com\/web\/de\/wp-json\/wp\/v2\/pages\/513\/revisions\/3190"}],"up":[{"embeddable":true,"href":"https:\/\/f-schatz.com\/web\/de\/wp-json\/wp\/v2\/pages\/7"}],"wp:attachment":[{"href":"https:\/\/f-schatz.com\/web\/de\/wp-json\/wp\/v2\/media?parent=513"}],"curies":[{"name":"wp","href":"https:\/\/api.w.org\/{rel}","templated":true}]}}