{"id":1282,"date":"2015-04-14T11:49:36","date_gmt":"2015-04-14T11:49:36","guid":{"rendered":"http:\/\/f-schatz.com\/web\/?page_id=1282"},"modified":"2022-03-14T09:49:06","modified_gmt":"2022-03-14T09:49:06","slug":"aviso-legal","status":"publish","type":"page","link":"https:\/\/f-schatz.com\/web\/de\/aviso-legal\/","title":{"rendered":"Aviso legal"},"content":{"rendered":"<p>Datenschutzrichtlinie<\/p>\n<p>FRIEDRICH SCHATZ informiert Sie \u00fcber seine Datenschutzpolitik.<\/p>\n<p>FRIEDRICH SCHATZ beh\u00e4lt sich das Recht vor, diese Richtlinie zu \u00e4ndern, und informiert Sie im Voraus \u00fcber die darin enthaltenen \u00c4nderungen durch diese Mitteilung.<\/p>\n<p>Indem Sie freiwillig Ihre personenbezogenen Daten \u00fcber ein beliebiges Formular auf dieser Website oder eine E-Mail-Nachricht angeben und deren \u00dcbermittlung akzeptieren, erm\u00e4chtigen Sie FRIEDRICH SCHATZ ausdr\u00fccklich, die \u00fcbermittelten Daten zu verarbeiten und in eine Datei aufzunehmen, die ihm geh\u00f6rt.<\/p>\n<p>Der Zweck der Erhebung und Verarbeitung der von Ihnen angegebenen personenbezogenen Daten besteht darin, Sie zu kontaktieren, um auf Ihre Anfrage zu antworten und Sie \u00fcber die von diesem Unternehmen angebotenen Produkte und Dienstleistungen \u00fcber alle Kommunikationsmittel, einschlie\u00dflich elektronischer Art, zu informieren.<\/p>\n<p>Die von Ihnen in den mit * gekennzeichneten Feldern angegebenen Daten sind zwingend erforderlich, um den im vorstehenden Absatz genannten Zweck zu erf\u00fcllen.<\/p>\n<p>FRIEDRICH SCHATZ hat unter Ber\u00fccksichtigung der Einschr\u00e4nkungen des Internets die notwendigen technischen Ma\u00dfnahmen ergriffen, um die \u00c4nderung, den Verlust oder die unbefugte Behandlung der von Ihnen bereitgestellten personenbezogenen Daten zu vermeiden.<\/p>\n<p>FRIEDRICH SCHATZ verpflichtet sich zur Vertraulichkeit der Verarbeitung Ihrer personenbezogenen Daten.<\/p>\n<p>Sie haben das Recht, auf die Sie betreffenden Informationen zuzugreifen, sie zu berichtigen, wenn sie fehlerhaft sind, sie zu l\u00f6schen oder ihrer Behandlung zu widersprechen, per E-Mail bodegas@f-schatz.com oder durch schriftliche Mitteilung an: FRIEDRICH SCHATZ Calle APARTADO DE CORREOS 131, 29400, RONDA, MALAGA.<\/p>\n<p>FRIEDRICH SCHATZ informiert Sie dar\u00fcber, dass diese Website Cookies von Drittanbietern verwendet, um analytische Aufgaben durchzuf\u00fchren. Indem Sie weiter surfen, akzeptieren Sie unsere Cookie-Richtlinie. Lehnen Sie diese Bedingungen ab (Sie werden zu google.es weitergeleitet).<\/p>","protected":false},"excerpt":{"rendered":"<p>Datenschutzrichtlinie FRIEDRICH SCHATZ informiert Sie \u00fcber seine Datenschutzpolitik. FRIEDRICH SCHATZ beh\u00e4lt sich das Recht vor, diese Richtlinie zu \u00e4ndern, und informiert Sie im Voraus \u00fcber die darin enthaltenen \u00c4nderungen durch diese Mitteilung. Indem Sie freiwillig Ihre personenbezogenen Daten \u00fcber ein beliebiges Formular auf dieser Website oder eine E-Mail-Nachricht angeben und deren \u00dcbermittlung akzeptieren, erm\u00e4chtigen Sie [&hellip;]<\/p>\n","protected":false},"author":1,"featured_media":0,"parent":0,"menu_order":0,"comment_status":"closed","ping_status":"open","template":"","meta":{"footnotes":"","_links_to":"","_links_to_target":""},"class_list":["post-1282","page","type-page","status-publish","hentry"],"aioseo_notices":[],"_links":{"self":[{"href":"https:\/\/f-schatz.com\/web\/de\/wp-json\/wp\/v2\/pages\/1282","targetHints":{"allow":["GET"]}}],"collection":[{"href":"https:\/\/f-schatz.com\/web\/de\/wp-json\/wp\/v2\/pages"}],"about":[{"href":"https:\/\/f-schatz.com\/web\/de\/wp-json\/wp\/v2\/types\/page"}],"author":[{"embeddable":true,"href":"https:\/\/f-schatz.com\/web\/de\/wp-json\/wp\/v2\/users\/1"}],"replies":[{"embeddable":true,"href":"https:\/\/f-schatz.com\/web\/de\/wp-json\/wp\/v2\/comments?post=1282"}],"version-history":[{"count":13,"href":"https:\/\/f-schatz.com\/web\/de\/wp-json\/wp\/v2\/pages\/1282\/revisions"}],"predecessor-version":[{"id":2944,"href":"https:\/\/f-schatz.com\/web\/de\/wp-json\/wp\/v2\/pages\/1282\/revisions\/2944"}],"wp:attachment":[{"href":"https:\/\/f-schatz.com\/web\/de\/wp-json\/wp\/v2\/media?parent=1282"}],"curies":[{"name":"wp","href":"https:\/\/api.w.org\/{rel}","templated":true}]}}