{"id":1150,"date":"2013-04-30T15:35:01","date_gmt":"2013-04-30T15:35:01","guid":{"rendered":"http:\/\/f-schatz.com\/previa\/?page_id=1150"},"modified":"2023-02-24T07:49:26","modified_gmt":"2023-02-24T07:49:26","slug":"historia-2","status":"publish","type":"page","link":"https:\/\/f-schatz.com\/web\/de\/historia-2\/","title":{"rendered":"GESCHICHTE"},"content":{"rendered":"<p><\/p>\n<p>Die Familie Schatz stammt urspr\u00fcnglich aus S\u00fcdtirol, genauer gesagt aus dem Trentin, gelegen im deutschsprachigen Gebiet in Norditalien nahe der Dolomiten. <\/p>\n<p>Sp\u00e4ter siedelte die Familie im S\u00fcden Deutschlands an, und zwar in Korb )in Baden-W\u00fcrttemberg) und spezialisierte sich hier auf den Weinbau seit 1641. <\/p>\n<p>&#8222;Nach dem Regen kommt das Gras, nach dem Wein kommen die Worte&#8220; <\/p>\n<p>Popul\u00e4re Redensarten<\/p>\n<p><\/p>","protected":false},"excerpt":{"rendered":"<p>Die Familie Schatz stammt urspr\u00fcnglich aus S\u00fcdtirol, genauer gesagt aus dem Trentin, gelegen im deutschsprachigen Gebiet in Norditalien nahe der Dolomiten. Sp\u00e4ter siedelte die Familie im S\u00fcden Deutschlands an, und zwar in Korb )in Baden-W\u00fcrttemberg) und spezialisierte sich hier auf den Weinbau seit 1641. &#8222;Nach dem Regen kommt das Gras, nach dem Wein kommen die [&hellip;]<\/p>\n","protected":false},"author":1,"featured_media":1310,"parent":0,"menu_order":0,"comment_status":"closed","ping_status":"open","template":"historia.php","meta":{"footnotes":"","_links_to":"","_links_to_target":""},"class_list":["post-1150","page","type-page","status-publish","has-post-thumbnail","hentry"],"aioseo_notices":[],"_links":{"self":[{"href":"https:\/\/f-schatz.com\/web\/de\/wp-json\/wp\/v2\/pages\/1150","targetHints":{"allow":["GET"]}}],"collection":[{"href":"https:\/\/f-schatz.com\/web\/de\/wp-json\/wp\/v2\/pages"}],"about":[{"href":"https:\/\/f-schatz.com\/web\/de\/wp-json\/wp\/v2\/types\/page"}],"author":[{"embeddable":true,"href":"https:\/\/f-schatz.com\/web\/de\/wp-json\/wp\/v2\/users\/1"}],"replies":[{"embeddable":true,"href":"https:\/\/f-schatz.com\/web\/de\/wp-json\/wp\/v2\/comments?post=1150"}],"version-history":[{"count":5,"href":"https:\/\/f-schatz.com\/web\/de\/wp-json\/wp\/v2\/pages\/1150\/revisions"}],"predecessor-version":[{"id":3185,"href":"https:\/\/f-schatz.com\/web\/de\/wp-json\/wp\/v2\/pages\/1150\/revisions\/3185"}],"wp:featuredmedia":[{"embeddable":true,"href":"https:\/\/f-schatz.com\/web\/de\/wp-json\/wp\/v2\/media\/1310"}],"wp:attachment":[{"href":"https:\/\/f-schatz.com\/web\/de\/wp-json\/wp\/v2\/media?parent=1150"}],"curies":[{"name":"wp","href":"https:\/\/api.w.org\/{rel}","templated":true}]}}