{"id":11,"date":"2012-09-24T15:06:07","date_gmt":"2012-09-24T15:06:07","guid":{"rendered":"http:\/\/f-schatz.com\/previa\/?page_id=11"},"modified":"2023-03-03T11:58:35","modified_gmt":"2023-03-03T11:58:35","slug":"contacto","status":"publish","type":"page","link":"https:\/\/f-schatz.com\/web\/de\/contacto\/","title":{"rendered":"KONTAKT"},"content":{"rendered":"<p>Wenn sie uns f\u00fcr weitere Fragen oder Anregungen kontaktieren m\u00f6chten, stehen wir Ihnen gerne zur Verf\u00fcgung.<\/p>\n<p style=\"font-size: 18px; margin-top: 10px;\">Vielen Dank.<\/p>\n<ul class=\"contacto\">\n<li>PO BOX 131, E-29400 Ronda, M\u00e1laga (Spanien)<\/li>\n<li>Tel. \/ Fax +34 952 871 313<\/li>\n<li>Mobile \/ +34 678 664 105<\/li>\n<li><a href=\"mailto: bodega@f-schatz.com\">bodega@f-schatz.com<\/a><\/li>\n<\/ul>\n<p>Von Ronda in Richtung Jerez-Sevilla, nach ca. 8 km rechts abbiegen in die Strasse MA 7402 nach Ronda la Vieja. Nach ca.500 m in einer Kurve geradeaus in einen Feldweg abbiegen. Nach ca. 900m auf der rechten Seite ist der Eingang, schwarzes Tor.<\/p>\n<p><\/p>","protected":false},"excerpt":{"rendered":"<p>Wenn sie uns f\u00fcr weitere Fragen oder Anregungen kontaktieren m\u00f6chten, stehen wir Ihnen gerne zur Verf\u00fcgung. Vielen Dank. PO BOX 131, E-29400 Ronda, M\u00e1laga (Spanien) Tel. \/ Fax +34 952 871 313 Mobile \/ +34 678 664 105 bodega@f-schatz.com Von Ronda in Richtung Jerez-Sevilla, nach ca. 8 km rechts abbiegen in die Strasse MA 7402 [&hellip;]<\/p>\n","protected":false},"author":1,"featured_media":0,"parent":0,"menu_order":5,"comment_status":"closed","ping_status":"closed","template":"contacto.php","meta":{"footnotes":"","_links_to":"","_links_to_target":""},"class_list":["post-11","page","type-page","status-publish","hentry"],"aioseo_notices":[],"_links":{"self":[{"href":"https:\/\/f-schatz.com\/web\/de\/wp-json\/wp\/v2\/pages\/11","targetHints":{"allow":["GET"]}}],"collection":[{"href":"https:\/\/f-schatz.com\/web\/de\/wp-json\/wp\/v2\/pages"}],"about":[{"href":"https:\/\/f-schatz.com\/web\/de\/wp-json\/wp\/v2\/types\/page"}],"author":[{"embeddable":true,"href":"https:\/\/f-schatz.com\/web\/de\/wp-json\/wp\/v2\/users\/1"}],"replies":[{"embeddable":true,"href":"https:\/\/f-schatz.com\/web\/de\/wp-json\/wp\/v2\/comments?post=11"}],"version-history":[{"count":66,"href":"https:\/\/f-schatz.com\/web\/de\/wp-json\/wp\/v2\/pages\/11\/revisions"}],"predecessor-version":[{"id":3200,"href":"https:\/\/f-schatz.com\/web\/de\/wp-json\/wp\/v2\/pages\/11\/revisions\/3200"}],"wp:attachment":[{"href":"https:\/\/f-schatz.com\/web\/de\/wp-json\/wp\/v2\/media?parent=11"}],"curies":[{"name":"wp","href":"https:\/\/api.w.org\/{rel}","templated":true}]}}